{"id":9951,"date":"2025-01-24T01:54:26","date_gmt":"2025-01-24T07:54:26","guid":{"rendered":"https:\/\/mixtecarte.com\/index.php\/producto\/20-plumas-pequenas-de-aguila-dorada-real-9-7-centimetros\/"},"modified":"2025-10-11T00:09:57","modified_gmt":"2025-10-11T06:09:57","slug":"20-plumas-pequenas-de-aguila-dorada-real-9-7-centimetros","status":"publish","type":"product","link":"https:\/\/mixtecarte.com\/index.php\/producto\/20-plumas-pequenas-de-aguila-dorada-real-9-7-centimetros\/","title":{"rendered":"20 plumas peque\u00f1as de \u00e1guila dorada\/real, 9-7 cent\u00edmetros"},"content":{"rendered":"<p>Esta ocasi\u00f3n tengo para ti este incre\u00edble set de 20 plumas seleccionadas de muda de \u00e1guila dorada\/real, todas en perfecto estado de conservaci\u00f3n, cuya medida es de 9 a 8 cent\u00edmetros, listas para lo que las necesites.<\/p>\n<p>Como ya sabes, son enviadas hasta tus manos en un sobre burbuja con una l\u00e1mina de cart\u00f3n.<\/p>\n","protected":false},"excerpt":{"rendered":"<p>Esta ocasi\u00f3n tengo para ti este incre\u00edble set de 20 plumas seleccionadas de muda de \u00e1guila dorada\/real, todas en perfecto estado de conservaci\u00f3n, cuya medida es de 9 a 8 cent\u00edmetros, listas para lo que las necesites. Como ya sabes, son enviadas hasta tus manos en un sobre burbuja con una l\u00e1mina de cart\u00f3n.<\/p>\n","protected":false},"featured_media":9927,"comment_status":"open","ping_status":"closed","template":"","meta":{"_uag_custom_page_level_css":"","site-sidebar-layout":"default","site-content-layout":"","ast-site-content-layout":"default","site-content-style":"default","site-sidebar-style":"default","ast-global-header-display":"","ast-banner-title-visibility":"","ast-main-header-display":"","ast-hfb-above-header-display":"","ast-hfb-below-header-display":"","ast-hfb-mobile-header-display":"","site-post-title":"","ast-breadcrumbs-content":"","ast-featured-img":"","footer-sml-layout":"","ast-disable-related-posts":"","theme-transparent-header-meta":"default","adv-header-id-meta":"","stick-header-meta":"","header-above-stick-meta":"","header-main-stick-meta":"","header-below-stick-meta":"","astra-migrate-meta-layouts":"set","ast-page-background-enabled":"default","ast-page-background-meta":{"desktop":{"background-color":"var(--ast-global-color-4)","background-image":"","background-repeat":"repeat","background-position":"center center","background-size":"auto","background-attachment":"scroll","background-type":"","background-media":"","overlay-type":"","overlay-color":"","overlay-opacity":"","overlay-gradient":""},"tablet":{"background-color":"","background-image":"","background-repeat":"repeat","background-position":"center center","background-size":"auto","background-attachment":"scroll","background-type":"","background-media":"","overlay-type":"","overlay-color":"","overlay-opacity":"","overlay-gradient":""},"mobile":{"background-color":"","background-image":"","background-repeat":"repeat","background-position":"center center","background-size":"auto","background-attachment":"scroll","background-type":"","background-media":"","overlay-type":"","overlay-color":"","overlay-opacity":"","overlay-gradient":""}},"ast-content-background-meta":{"desktop":{"background-color":"var(--ast-global-color-5)","background-image":"","background-repeat":"repeat","background-position":"center center","background-size":"auto","background-attachment":"scroll","background-type":"","background-media":"","overlay-type":"","overlay-color":"","overlay-opacity":"","overlay-gradient":""},"tablet":{"background-color":"var(--ast-global-color-5)","background-image":"","background-repeat":"repeat","background-position":"center center","background-size":"auto","background-attachment":"scroll","background-type":"","background-media":"","overlay-type":"","overlay-color":"","overlay-opacity":"","overlay-gradient":""},"mobile":{"background-color":"var(--ast-global-color-5)","background-image":"","background-repeat":"repeat","background-position":"center center","background-size":"auto","background-attachment":"scroll","background-type":"","background-media":"","overlay-type":"","overlay-color":"","overlay-opacity":"","overlay-gradient":""}}},"product_brand":[],"product_cat":[47],"product_tag":[53,143,56,928,112,54,50,51,94,91,60,65,52],"class_list":{"0":"post-9951","1":"product","2":"type-product","3":"status-publish","4":"has-post-thumbnail","6":"product_cat-plumas","7":"product_tag-eagle-feathers","8":"product_tag-falcon-feathers","9":"product_tag-feathers","10":"product_tag-golden-eagle","11":"product_tag-hakw-feathers","12":"product_tag-hawk-feathers","13":"product_tag-plumas","14":"product_tag-plumas-de-aguila","15":"product_tag-plumas-de-aguila-dorada","16":"product_tag-plumas-de-aguila-real","17":"product_tag-plumas-de-colores","18":"product_tag-plumas-de-halcon","19":"product_tag-plumas-de-muda","20":"product_shipping_class-paquetes-ligeros","21":"desktop-align-left","22":"tablet-align-left","23":"mobile-align-left","25":"first","26":"instock","27":"sold-individually","28":"taxable","29":"shipping-taxable","30":"purchasable","31":"product-type-simple"},"uagb_featured_image_src":{"full":["https:\/\/mixtecarte.com\/wp-content\/uploads\/2025\/01\/1000068638-scaled.jpg",2560,1920,false],"thumbnail":["https:\/\/mixtecarte.com\/wp-content\/uploads\/2025\/01\/1000068638-150x150.jpg",150,150,true],"medium":["https:\/\/mixtecarte.com\/wp-content\/uploads\/2025\/01\/1000068638-300x225.jpg",300,225,true],"medium_large":["https:\/\/mixtecarte.com\/wp-content\/uploads\/2025\/01\/1000068638-768x576.jpg",768,576,true],"large":["https:\/\/mixtecarte.com\/wp-content\/uploads\/2025\/01\/1000068638-1024x768.jpg",1024,768,true],"1536x1536":["https:\/\/mixtecarte.com\/wp-content\/uploads\/2025\/01\/1000068638-1536x1152.jpg",1536,1152,true],"2048x2048":["https:\/\/mixtecarte.com\/wp-content\/uploads\/2025\/01\/1000068638-2048x1536.jpg",2048,1536,true],"mailpoet_newsletter_max":["https:\/\/mixtecarte.com\/wp-content\/uploads\/2025\/01\/1000068638-1320x990.jpg",1320,990,true],"woocommerce_thumbnail":["https:\/\/mixtecarte.com\/wp-content\/uploads\/2025\/01\/1000068638-300x300.jpg",300,300,true],"woocommerce_single":["https:\/\/mixtecarte.com\/wp-content\/uploads\/2025\/01\/1000068638-600x450.jpg",600,450,true],"woocommerce_gallery_thumbnail":["https:\/\/mixtecarte.com\/wp-content\/uploads\/2025\/01\/1000068638-100x100.jpg",100,100,true]},"uagb_author_info":{"display_name":"Miguel","author_link":"https:\/\/mixtecarte.com\/index.php\/author\/"},"uagb_comment_info":0,"uagb_excerpt":"Esta ocasi\u00f3n tengo para ti este incre\u00edble set de 20 plumas seleccionadas de muda de \u00e1guila dorada\/real, todas en perfecto estado de conservaci\u00f3n, cuya medida es de 9 a 8 cent\u00edmetros, listas para lo que las necesites. Como ya sabes, son enviadas hasta tus manos en un sobre burbuja con una l\u00e1mina de cart\u00f3n.","jetpack_sharing_enabled":true,"_links":{"self":[{"href":"https:\/\/mixtecarte.com\/index.php\/wp-json\/wp\/v2\/product\/9951","targetHints":{"allow":["GET"]}}],"collection":[{"href":"https:\/\/mixtecarte.com\/index.php\/wp-json\/wp\/v2\/product"}],"about":[{"href":"https:\/\/mixtecarte.com\/index.php\/wp-json\/wp\/v2\/types\/product"}],"replies":[{"embeddable":true,"href":"https:\/\/mixtecarte.com\/index.php\/wp-json\/wp\/v2\/comments?post=9951"}],"wp:featuredmedia":[{"embeddable":true,"href":"https:\/\/mixtecarte.com\/index.php\/wp-json\/wp\/v2\/media\/9927"}],"wp:attachment":[{"href":"https:\/\/mixtecarte.com\/index.php\/wp-json\/wp\/v2\/media?parent=9951"}],"wp:term":[{"taxonomy":"product_brand","embeddable":true,"href":"https:\/\/mixtecarte.com\/index.php\/wp-json\/wp\/v2\/product_brand?post=9951"},{"taxonomy":"product_cat","embeddable":true,"href":"https:\/\/mixtecarte.com\/index.php\/wp-json\/wp\/v2\/product_cat?post=9951"},{"taxonomy":"product_tag","embeddable":true,"href":"https:\/\/mixtecarte.com\/index.php\/wp-json\/wp\/v2\/product_tag?post=9951"}],"curies":[{"name":"wp","href":"https:\/\/api.w.org\/{rel}","templated":true}]}}