{"id":1856,"date":"2024-01-07T23:50:51","date_gmt":"2024-01-08T05:50:51","guid":{"rendered":"https:\/\/mixtecarte.com\/?post_type=product&#038;p=1856"},"modified":"2025-10-11T00:07:36","modified_gmt":"2025-10-11T06:07:36","slug":"collar-de-garra-de-oso-negro-en-plata-y-turquesa","status":"publish","type":"product","link":"https:\/\/mixtecarte.com\/index.php\/producto\/collar-de-garra-de-oso-negro-en-plata-y-turquesa\/","title":{"rendered":"Collar de garra de oso negro en plata y turquesa"},"content":{"rendered":"<p>Este collar es de garra de oso negro, la garra mide 4 cent\u00edmetros y esta engarzada en plata y con una incrustaci\u00f3n de turquesa para adornar. La correa es de piel tejido a mano en color negro y de 55 cent\u00edmetros de largo. Es una joya \u00fanica!<\/p>\n<p>&nbsp;<\/p>\n","protected":false},"excerpt":{"rendered":"<p>Este collar es de garra de oso negro, la garra mide 4 cent\u00edmetros y esta engarzada en plata y con una incrustaci\u00f3n de turquesa para adornar. La correa es de piel tejido a mano en color negro y de 55 cent\u00edmetros de largo. Es una joya \u00fanica! &nbsp;<\/p>\n","protected":false},"featured_media":9125,"comment_status":"open","ping_status":"closed","template":"","meta":{"_uag_custom_page_level_css":"","site-sidebar-layout":"default","site-content-layout":"","ast-site-content-layout":"default","site-content-style":"default","site-sidebar-style":"default","ast-global-header-display":"","ast-banner-title-visibility":"","ast-main-header-display":"","ast-hfb-above-header-display":"","ast-hfb-below-header-display":"","ast-hfb-mobile-header-display":"","site-post-title":"","ast-breadcrumbs-content":"","ast-featured-img":"","footer-sml-layout":"","ast-disable-related-posts":"","theme-transparent-header-meta":"default","adv-header-id-meta":"","stick-header-meta":"","header-above-stick-meta":"","header-main-stick-meta":"","header-below-stick-meta":"","astra-migrate-meta-layouts":"set","ast-page-background-enabled":"default","ast-page-background-meta":{"desktop":{"background-color":"var(--ast-global-color-4)","background-image":"","background-repeat":"repeat","background-position":"center center","background-size":"auto","background-attachment":"scroll","background-type":"","background-media":"","overlay-type":"","overlay-color":"","overlay-opacity":"","overlay-gradient":""},"tablet":{"background-color":"","background-image":"","background-repeat":"repeat","background-position":"center center","background-size":"auto","background-attachment":"scroll","background-type":"","background-media":"","overlay-type":"","overlay-color":"","overlay-opacity":"","overlay-gradient":""},"mobile":{"background-color":"","background-image":"","background-repeat":"repeat","background-position":"center center","background-size":"auto","background-attachment":"scroll","background-type":"","background-media":"","overlay-type":"","overlay-color":"","overlay-opacity":"","overlay-gradient":""}},"ast-content-background-meta":{"desktop":{"background-color":"var(--ast-global-color-5)","background-image":"","background-repeat":"repeat","background-position":"center center","background-size":"auto","background-attachment":"scroll","background-type":"","background-media":"","overlay-type":"","overlay-color":"","overlay-opacity":"","overlay-gradient":""},"tablet":{"background-color":"var(--ast-global-color-5)","background-image":"","background-repeat":"repeat","background-position":"center center","background-size":"auto","background-attachment":"scroll","background-type":"","background-media":"","overlay-type":"","overlay-color":"","overlay-opacity":"","overlay-gradient":""},"mobile":{"background-color":"var(--ast-global-color-5)","background-image":"","background-repeat":"repeat","background-position":"center center","background-size":"auto","background-attachment":"scroll","background-type":"","background-media":"","overlay-type":"","overlay-color":"","overlay-opacity":"","overlay-gradient":""}}},"product_brand":[],"product_cat":[64],"product_tag":[80,67,77,68],"class_list":{"0":"post-1856","1":"product","2":"type-product","3":"status-publish","4":"has-post-thumbnail","6":"product_cat-collares","7":"product_tag-bear-claw-necklace","8":"product_tag-collar","9":"product_tag-collar-de-garra-de-oso","10":"product_tag-necklace","11":"product_shipping_class-paquetes-ligeros","12":"desktop-align-left","13":"tablet-align-left","14":"mobile-align-left","16":"first","17":"instock","18":"sale","19":"taxable","20":"shipping-taxable","21":"purchasable","22":"product-type-simple"},"uagb_featured_image_src":{"full":["https:\/\/mixtecarte.com\/wp-content\/uploads\/2024\/01\/20240102_143857-1-scaled.jpg",2560,1440,false],"thumbnail":["https:\/\/mixtecarte.com\/wp-content\/uploads\/2024\/01\/20240102_143857-1-150x150.jpg",150,150,true],"medium":["https:\/\/mixtecarte.com\/wp-content\/uploads\/2024\/01\/20240102_143857-1-300x169.jpg",300,169,true],"medium_large":["https:\/\/mixtecarte.com\/wp-content\/uploads\/2024\/01\/20240102_143857-1-768x432.jpg",768,432,true],"large":["https:\/\/mixtecarte.com\/wp-content\/uploads\/2024\/01\/20240102_143857-1-1024x576.jpg",1024,576,true],"1536x1536":["https:\/\/mixtecarte.com\/wp-content\/uploads\/2024\/01\/20240102_143857-1-1536x864.jpg",1536,864,true],"2048x2048":["https:\/\/mixtecarte.com\/wp-content\/uploads\/2024\/01\/20240102_143857-1-2048x1152.jpg",2048,1152,true],"mailpoet_newsletter_max":["https:\/\/mixtecarte.com\/wp-content\/uploads\/2024\/01\/20240102_143857-1-1320x743.jpg",1320,743,true],"woocommerce_thumbnail":["https:\/\/mixtecarte.com\/wp-content\/uploads\/2024\/01\/20240102_143857-1-300x300.jpg",300,300,true],"woocommerce_single":["https:\/\/mixtecarte.com\/wp-content\/uploads\/2024\/01\/20240102_143857-1-600x338.jpg",600,338,true],"woocommerce_gallery_thumbnail":["https:\/\/mixtecarte.com\/wp-content\/uploads\/2024\/01\/20240102_143857-1-100x100.jpg",100,100,true]},"uagb_author_info":{"display_name":"Miguel","author_link":"https:\/\/mixtecarte.com\/index.php\/author\/"},"uagb_comment_info":0,"uagb_excerpt":"Este collar es de garra de oso negro, la garra mide 4 cent\u00edmetros y esta engarzada en plata y con una incrustaci\u00f3n de turquesa para adornar. La correa es de piel tejido a mano en color negro y de 55 cent\u00edmetros de largo. Es una joya \u00fanica! &nbsp;","jetpack_sharing_enabled":true,"_links":{"self":[{"href":"https:\/\/mixtecarte.com\/index.php\/wp-json\/wp\/v2\/product\/1856","targetHints":{"allow":["GET"]}}],"collection":[{"href":"https:\/\/mixtecarte.com\/index.php\/wp-json\/wp\/v2\/product"}],"about":[{"href":"https:\/\/mixtecarte.com\/index.php\/wp-json\/wp\/v2\/types\/product"}],"replies":[{"embeddable":true,"href":"https:\/\/mixtecarte.com\/index.php\/wp-json\/wp\/v2\/comments?post=1856"}],"wp:featuredmedia":[{"embeddable":true,"href":"https:\/\/mixtecarte.com\/index.php\/wp-json\/wp\/v2\/media\/9125"}],"wp:attachment":[{"href":"https:\/\/mixtecarte.com\/index.php\/wp-json\/wp\/v2\/media?parent=1856"}],"wp:term":[{"taxonomy":"product_brand","embeddable":true,"href":"https:\/\/mixtecarte.com\/index.php\/wp-json\/wp\/v2\/product_brand?post=1856"},{"taxonomy":"product_cat","embeddable":true,"href":"https:\/\/mixtecarte.com\/index.php\/wp-json\/wp\/v2\/product_cat?post=1856"},{"taxonomy":"product_tag","embeddable":true,"href":"https:\/\/mixtecarte.com\/index.php\/wp-json\/wp\/v2\/product_tag?post=1856"}],"curies":[{"name":"wp","href":"https:\/\/api.w.org\/{rel}","templated":true}]}}