{"id":10412,"date":"2025-10-09T23:45:01","date_gmt":"2025-10-10T05:45:01","guid":{"rendered":"https:\/\/mixtecarte.com\/index.php\/producto\/para-de-aretes-de-abanico-plumario\/"},"modified":"2025-10-10T00:03:34","modified_gmt":"2025-10-10T06:03:34","slug":"para-de-aretes-de-abanico-plumario","status":"publish","type":"product","link":"https:\/\/mixtecarte.com\/index.php\/producto\/para-de-aretes-de-abanico-plumario\/","title":{"rendered":"Par de Aretes de abanico plumario"},"content":{"rendered":"<p>Estos hermosos aretes de 40 cent\u00edmetros de longitud est\u00e1n elaborados con plumas naturales y de muda de guacamaya y halc\u00f3n, adornamos con un detalle hecho en chaquira. El gancho para colocarse esta en la parte de atr\u00e1s.<\/p>\n<p>Los aretes son colocados en una lamina de cart\u00f3n, y enviados en un sobre acolchado directo a tus manos.<\/p>\n","protected":false},"excerpt":{"rendered":"<p>Estos hermosos aretes de 40 cent\u00edmetros de longitud est\u00e1n elaborados con plumas naturales y de muda de guacamaya y halc\u00f3n, adornamos con un detalle hecho en chaquira. El gancho para colocarse esta en la parte de atr\u00e1s. Los aretes son colocados en una lamina de cart\u00f3n, y enviados en un sobre acolchado directo a tus [&hellip;]<\/p>\n","protected":false},"featured_media":10410,"comment_status":"open","ping_status":"closed","template":"","meta":{"_uag_custom_page_level_css":"","site-sidebar-layout":"default","site-content-layout":"","ast-site-content-layout":"default","site-content-style":"default","site-sidebar-style":"default","ast-global-header-display":"","ast-banner-title-visibility":"","ast-main-header-display":"","ast-hfb-above-header-display":"","ast-hfb-below-header-display":"","ast-hfb-mobile-header-display":"","site-post-title":"","ast-breadcrumbs-content":"","ast-featured-img":"","footer-sml-layout":"","ast-disable-related-posts":"","theme-transparent-header-meta":"","adv-header-id-meta":"","stick-header-meta":"","header-above-stick-meta":"","header-main-stick-meta":"","header-below-stick-meta":"","astra-migrate-meta-layouts":"default","ast-page-background-enabled":"default","ast-page-background-meta":{"desktop":{"background-color":"var(--ast-global-color-4)","background-image":"","background-repeat":"repeat","background-position":"center center","background-size":"auto","background-attachment":"scroll","background-type":"","background-media":"","overlay-type":"","overlay-color":"","overlay-opacity":"","overlay-gradient":""},"tablet":{"background-color":"","background-image":"","background-repeat":"repeat","background-position":"center center","background-size":"auto","background-attachment":"scroll","background-type":"","background-media":"","overlay-type":"","overlay-color":"","overlay-opacity":"","overlay-gradient":""},"mobile":{"background-color":"","background-image":"","background-repeat":"repeat","background-position":"center center","background-size":"auto","background-attachment":"scroll","background-type":"","background-media":"","overlay-type":"","overlay-color":"","overlay-opacity":"","overlay-gradient":""}},"ast-content-background-meta":{"desktop":{"background-color":"var(--ast-global-color-5)","background-image":"","background-repeat":"repeat","background-position":"center center","background-size":"auto","background-attachment":"scroll","background-type":"","background-media":"","overlay-type":"","overlay-color":"","overlay-opacity":"","overlay-gradient":""},"tablet":{"background-color":"var(--ast-global-color-5)","background-image":"","background-repeat":"repeat","background-position":"center center","background-size":"auto","background-attachment":"scroll","background-type":"","background-media":"","overlay-type":"","overlay-color":"","overlay-opacity":"","overlay-gradient":""},"mobile":{"background-color":"var(--ast-global-color-5)","background-image":"","background-repeat":"repeat","background-position":"center center","background-size":"auto","background-attachment":"scroll","background-type":"","background-media":"","overlay-type":"","overlay-color":"","overlay-opacity":"","overlay-gradient":""}}},"product_brand":[],"product_cat":[46],"product_tag":[],"class_list":{"0":"post-10412","1":"product","2":"type-product","3":"status-publish","4":"has-post-thumbnail","6":"product_cat-aretes","7":"product_shipping_class-paquetes-ligeros","8":"desktop-align-left","9":"tablet-align-left","10":"mobile-align-left","12":"first","13":"instock","14":"sold-individually","15":"taxable","16":"shipping-taxable","17":"purchasable","18":"product-type-simple"},"uagb_featured_image_src":{"full":["https:\/\/mixtecarte.com\/wp-content\/uploads\/2025\/10\/1000049259-scaled.jpg",1920,2560,false],"thumbnail":["https:\/\/mixtecarte.com\/wp-content\/uploads\/2025\/10\/1000049259-150x150.jpg",150,150,true],"medium":["https:\/\/mixtecarte.com\/wp-content\/uploads\/2025\/10\/1000049259-225x300.jpg",225,300,true],"medium_large":["https:\/\/mixtecarte.com\/wp-content\/uploads\/2025\/10\/1000049259-768x1024.jpg",768,1024,true],"large":["https:\/\/mixtecarte.com\/wp-content\/uploads\/2025\/10\/1000049259-768x1024.jpg",768,1024,true],"1536x1536":["https:\/\/mixtecarte.com\/wp-content\/uploads\/2025\/10\/1000049259-1152x1536.jpg",1152,1536,true],"2048x2048":["https:\/\/mixtecarte.com\/wp-content\/uploads\/2025\/10\/1000049259-1536x2048.jpg",1536,2048,true],"mailpoet_newsletter_max":["https:\/\/mixtecarte.com\/wp-content\/uploads\/2025\/10\/1000049259-1320x1760.jpg",1320,1760,true],"woocommerce_thumbnail":["https:\/\/mixtecarte.com\/wp-content\/uploads\/2025\/10\/1000049259-300x300.jpg",300,300,true],"woocommerce_single":["https:\/\/mixtecarte.com\/wp-content\/uploads\/2025\/10\/1000049259-600x800.jpg",600,800,true],"woocommerce_gallery_thumbnail":["https:\/\/mixtecarte.com\/wp-content\/uploads\/2025\/10\/1000049259-100x100.jpg",100,100,true]},"uagb_author_info":{"display_name":"Miguel","author_link":"https:\/\/mixtecarte.com\/index.php\/author\/"},"uagb_comment_info":0,"uagb_excerpt":"Estos hermosos aretes de 40 cent\u00edmetros de longitud est\u00e1n elaborados con plumas naturales y de muda de guacamaya y halc\u00f3n, adornamos con un detalle hecho en chaquira. El gancho para colocarse esta en la parte de atr\u00e1s. Los aretes son colocados en una lamina de cart\u00f3n, y enviados en un sobre acolchado directo a tus&hellip;","jetpack_sharing_enabled":true,"_links":{"self":[{"href":"https:\/\/mixtecarte.com\/index.php\/wp-json\/wp\/v2\/product\/10412","targetHints":{"allow":["GET"]}}],"collection":[{"href":"https:\/\/mixtecarte.com\/index.php\/wp-json\/wp\/v2\/product"}],"about":[{"href":"https:\/\/mixtecarte.com\/index.php\/wp-json\/wp\/v2\/types\/product"}],"replies":[{"embeddable":true,"href":"https:\/\/mixtecarte.com\/index.php\/wp-json\/wp\/v2\/comments?post=10412"}],"wp:featuredmedia":[{"embeddable":true,"href":"https:\/\/mixtecarte.com\/index.php\/wp-json\/wp\/v2\/media\/10410"}],"wp:attachment":[{"href":"https:\/\/mixtecarte.com\/index.php\/wp-json\/wp\/v2\/media?parent=10412"}],"wp:term":[{"taxonomy":"product_brand","embeddable":true,"href":"https:\/\/mixtecarte.com\/index.php\/wp-json\/wp\/v2\/product_brand?post=10412"},{"taxonomy":"product_cat","embeddable":true,"href":"https:\/\/mixtecarte.com\/index.php\/wp-json\/wp\/v2\/product_cat?post=10412"},{"taxonomy":"product_tag","embeddable":true,"href":"https:\/\/mixtecarte.com\/index.php\/wp-json\/wp\/v2\/product_tag?post=10412"}],"curies":[{"name":"wp","href":"https:\/\/api.w.org\/{rel}","templated":true}]}}