{"id":1008,"date":"2021-10-08T06:11:09","date_gmt":"2021-10-08T06:11:09","guid":{"rendered":"https:\/\/mixtecarte.com\/index.php\/home\/"},"modified":"2025-10-10T18:28:34","modified_gmt":"2025-10-11T00:28:34","slug":"home","status":"publish","type":"page","link":"https:\/\/mixtecarte.com\/","title":{"rendered":"Mixtecarte"},"content":{"rendered":"\n<div class=\"wp-block-uagb-container uagb-block-0853bbbc alignfull uagb-is-root-container\"><div class=\"uagb-container-inner-blocks-wrap\"><\/div><\/div>\n\n\n\n<div class=\"wp-block-uagb-container uagb-block-07bf1ffe alignfull uagb-is-root-container\">\n<div class=\"wp-block-uagb-container uagb-block-52db8dee\">\n<p class=\"has-ast-global-color-4-color has-ast-global-color-3-background-color has-text-color has-background has-link-color wp-elements-fd4381997ccb2aeae74444c9a4ce88c3\"><strong>\u00d1uu Dzavui<\/strong><br>En Mixtecarte tenemos ra\u00edces del pueblo Mixteco, el cual se reconoce a si mismo como \u00ab\u00d1uu Dzavui\u00bb \u00abEl pueblo de la lluvia\u00bb, y habla el \u00abDza&#8217;a Dzavui\u00bb es decir, \u00abEl idioma de la Lluvia\u00bb, en alguna de sus actuales variantes. La historia del \u00abPueblo de la Lluvia\u00bb vive en c\u00f3dices prehisp\u00e1nicos como el Nuttal, Vindobonensis, Selden, y obras como \u00abOrigen de los indios del Nuevo Mundo e Indias Occidentales\u00bb del Fraile Dominico Gregorio Garc\u00eda, \u00abHistoria de Oaxaca\u00bb de Jos\u00e9 Antonio Gay, \u00abReyes y Reinos de la Mixteca\u00bb de Alfonso Caso, entre muchas otras obras mas.<br><br><strong>Pero <strong>\u00bf<\/strong>Que es el Arte Plumario?<\/strong><br>El arte plumario ha estado presente en M\u00e9xico desde tiempos inmemoriales, y en esencia es la utilizaci\u00f3n de las plumas que mudan naturalmente las aves, para elaborar banderas, escudos, composiciones pictogr\u00e1ficas, confecci\u00f3n de ropa, s\u00edmbolos de poder\/autoridad, adornos, etc. Las mejores plumas y trabajos plumarios estaban reservados para la clase noble, los gobernantes, y los guerreros distinguidos, sin embargo se les pod\u00eda conseguir tambi\u00e9n en mercados tan famosos de la \u00e9poca como el de Yodzo Coo (Coixtlahuaca, Oax.) o el de Tlatelolco, en Ciudad de M\u00e9xico.<br><br><strong>Huisi Tnumi\/Arte Plumario\/Amantecayotl<\/strong><br>De acuerdo a la magna obra de Fray Francisco de Alvarado \u00abVoces del Dzaha Dzavui\u00bb del a\u00f1o 1593,  Arte Plumario se dice \u00abHuisi Tnumi\u00bb, donde la palabra \u00abHuisi\u00bb designa un arte u oficio, y la palabra \u00abTnumi\u00bb es el nombre para referirse a las plumas peque\u00f1as. \u00abTay\u00bb quiere decir hombre y \u00ab\u00d1a&#8217;a\u00bb quiere decir mujer. Por tanto \u00abTay Huisi Tnumi\u00bb quiere decir \u00abArtista plumario\u00bb (hombre), mientras que \u00ab\u00d1a&#8217;a Huisi Tnumi\u00bb significa \u00abArtista plumaria\u00bb, refiri\u00e9ndose a la mujer<br>Por otra parte en el mundo de habla Nahuatl se ha usado la palabra \u00abAmantecayotl\u00bb para designar al arte plumario. Esto es porque en los tiempos de Tenochtitlan, las personas que se dedicaban a dicho arte proced\u00edan del barrio de \u00abAmanalco\u00bb que quiere decir \u00abCerca del Agua\u00bb y cuyo gentilicio, es \u00abAmantecatl\u00bb, indistintamente del sexo de su ejecutante.<\/p>\n<\/div>\n\n\n\n<div class=\"wp-block-uagb-container uagb-block-6609ec7d\">\n<div class=\"wp-block-uagb-container uagb-block-598d2ae9\">\n<figure class=\"wp-block-gallery has-nested-images columns-default is-cropped wp-block-gallery-1 is-layout-flex wp-block-gallery-is-layout-flex\">\n<figure class=\"wp-block-image size-full\"><img loading=\"lazy\" decoding=\"async\" width=\"562\" height=\"753\" data-id=\"9811\" src=\"https:\/\/mixtecarte.com\/wp-content\/uploads\/2025\/01\/WhatsApp-Image-2025-01-11-at-1.54.00-AM-1.jpeg\" alt=\"\" class=\"wp-image-9811\" srcset=\"https:\/\/mixtecarte.com\/wp-content\/uploads\/2025\/01\/WhatsApp-Image-2025-01-11-at-1.54.00-AM-1.jpeg 562w, https:\/\/mixtecarte.com\/wp-content\/uploads\/2025\/01\/WhatsApp-Image-2025-01-11-at-1.54.00-AM-1-224x300.jpeg 224w\" sizes=\"auto, (max-width: 562px) 100vw, 562px\" \/><\/figure>\n\n\n\n<figure class=\"wp-block-image size-full\"><img loading=\"lazy\" decoding=\"async\" width=\"474\" height=\"627\" data-id=\"9817\" src=\"https:\/\/mixtecarte.com\/wp-content\/uploads\/2025\/01\/WhatsApp-Image-2024-12-29-at-9.49.17-PM-1.jpeg\" alt=\"\" class=\"wp-image-9817\" srcset=\"https:\/\/mixtecarte.com\/wp-content\/uploads\/2025\/01\/WhatsApp-Image-2024-12-29-at-9.49.17-PM-1.jpeg 474w, https:\/\/mixtecarte.com\/wp-content\/uploads\/2025\/01\/WhatsApp-Image-2024-12-29-at-9.49.17-PM-1-227x300.jpeg 227w\" sizes=\"auto, (max-width: 474px) 100vw, 474px\" \/><\/figure>\n\n\n\n<figure class=\"wp-block-image size-full\"><img loading=\"lazy\" decoding=\"async\" width=\"621\" height=\"850\" data-id=\"9815\" src=\"https:\/\/mixtecarte.com\/wp-content\/uploads\/2025\/01\/WhatsApp-Image-2025-01-11-at-1.00.32-AM.jpeg\" alt=\"\" class=\"wp-image-9815\" srcset=\"https:\/\/mixtecarte.com\/wp-content\/uploads\/2025\/01\/WhatsApp-Image-2025-01-11-at-1.00.32-AM.jpeg 621w, https:\/\/mixtecarte.com\/wp-content\/uploads\/2025\/01\/WhatsApp-Image-2025-01-11-at-1.00.32-AM-219x300.jpeg 219w, https:\/\/mixtecarte.com\/wp-content\/uploads\/2025\/01\/WhatsApp-Image-2025-01-11-at-1.00.32-AM-600x821.jpeg 600w\" sizes=\"auto, (max-width: 621px) 100vw, 621px\" \/><\/figure>\n\n\n\n<figure class=\"wp-block-image size-full\"><img loading=\"lazy\" decoding=\"async\" width=\"378\" height=\"452\" data-id=\"9813\" src=\"https:\/\/mixtecarte.com\/wp-content\/uploads\/2025\/01\/WhatsApp-Image-2025-01-11-at-1.00.35-AM-3-1.jpeg\" alt=\"\" class=\"wp-image-9813\" srcset=\"https:\/\/mixtecarte.com\/wp-content\/uploads\/2025\/01\/WhatsApp-Image-2025-01-11-at-1.00.35-AM-3-1.jpeg 378w, https:\/\/mixtecarte.com\/wp-content\/uploads\/2025\/01\/WhatsApp-Image-2025-01-11-at-1.00.35-AM-3-1-251x300.jpeg 251w\" sizes=\"auto, (max-width: 378px) 100vw, 378px\" \/><\/figure>\n<\/figure>\n<\/div>\n<\/div>\n<\/div>\n\n\n\n<div class=\"wp-block-uagb-container uagb-block-559aa554 alignfull uagb-is-root-container\">\n<div class=\"wp-block-uagb-container uagb-block-94d296b8\">\n<p class=\"has-ast-global-color-4-color has-ast-global-color-3-background-color has-text-color has-background has-link-color wp-elements-913af22a8190b661ac616a43568dd125\"><strong>Arte Plumario \u00d1uu Dzavui\/Mixteco a trav\u00e9s del tiempo<\/strong><br><br><strong>Tiempos antiguos<\/strong><br>En la antig\u00fcedad del \u00abPueblo de la Lluvia\u00bb, ya era costumbre tener aves en aviarios para la obtenci\u00f3n de sus plumas mediante el proceso natural de muda. En la lamina numero 3 del c\u00f3dice A\u00f1ute (Selden), que habla del origen m\u00edtico de la Dinast\u00eda gobernante del pueblo de A\u00f1ute, vemos una ceremonia donde  el Se\u00f1or 10 Ca\u00f1a \u00c1guila a trav\u00e9s del sacerdote 10 Pedernal, le da obsequios al Se\u00f1or 9 Lluvia para hacer alianza. Estos regalos, contienen \u00e1guilas y jaguares enjaulados, ademas de bolsas de tabaco y bele\u00f1o, objetos rituales, bultos sagrados del Dios \u00ab\u00d1uhu Dzavui\u00bb (Tl\u00e1loc), mecates, hachas y flechas rituales.<br>Por otro lado, vemos en el c\u00f3dice Tonindeye (Nuttal), el elaborado arte plumario que se usa: En las manos portan abanicos con plumas de guacamaya y de quetzal, y elementos diversos como patas de venado. En los tocados que usan en la cabeza y el cabello, el uso de plumas de guacamaya con plumas de quetzal y laminas de oro.<br><br><strong>\u00abLa Excan Tlahtoloyan contra Las Mixtecas\u00bb<\/strong><br>Al rededor del a\u00f1o 1440, la alianza formada por M\u00e9xico-Tenochtitlan, Texcoco y Tlacopan comenz\u00f3 las hostilidades hacia los reinos \u00d1uu Dzavui\/Mixtecos. Despu\u00e9s de tomar la ciudad de Ndisi Nuu (Tlaxiaco, Oax.), el \u00abIya Coo Nduta\u00bb Conocido en Nahuatl como en Rey \u00abAtonaltzin\u00bb de Yodzo Coo (Coixtlahuaca, Oax.), le declaro la guerra a la alianza por el control de las rutas comerciales. Sin embargo, en 1464 la ciudad de Yodzo Coo cayo, y a partir de entonces le hicieron la guerra a mas reinos Mixtecos. Como tributo se enviaban a Tenochtitlan cada 80 dias 400 huipiles 400 taparrabos, 400 tilmas, 20 jicaras de oro, 800 plumas de quetzal, trajes de guerreros de elite, cuentas de jade, 40 costales de grana cochinilla sustraidos de lugares como Tequevui (Tamazulapam) Yodzo Ca&#8217;i (Yanhuitan) \u00d1uu Ndeya (Mitlatongo) Yucu Ndaa (Teposcolula) \u00d1uu Ndaa (Tejupan), entre otros.<br><br><strong>\u00c9poca Colonial<\/strong><br>Durante el siglo XVI el arte plumario fue prohibido junto con muchas otras expresiones culturales, sin embargo encontr\u00f3 cobijo en la creaci\u00f3n de arte sacro llamado \u00abMosaicos de Plumas\u00bb, para elaborar im\u00e1genes plumarias de v\u00edrgenes y santos. Sin embargo durante el siglo XVII el arte plumario desapareci\u00f3 por la inexistencia de aviarios, la muerte de los viejos \u00abTay Huisi Tnumi\u00bb (artistas de la pluma) , y la preferencia por el arte sacro al oleo y no elaborado con plumas.<\/p>\n<\/div>\n\n\n\n<div class=\"wp-block-uagb-container uagb-block-4b627938\">\n<div class=\"wp-block-uagb-container uagb-block-9326a81d\">\n<figure class=\"wp-block-gallery has-nested-images columns-default is-cropped has-ast-global-color-7-background-color has-background wp-block-gallery-2 is-layout-flex wp-block-gallery-is-layout-flex\">\n<figure class=\"wp-block-image size-full\"><img loading=\"lazy\" decoding=\"async\" width=\"655\" height=\"969\" data-id=\"9826\" src=\"https:\/\/mixtecarte.com\/wp-content\/uploads\/2025\/01\/WhatsApp-Image-2025-01-11-at-1.53.59-AM-3-1.jpeg\" alt=\"\" class=\"wp-image-9826\" srcset=\"https:\/\/mixtecarte.com\/wp-content\/uploads\/2025\/01\/WhatsApp-Image-2025-01-11-at-1.53.59-AM-3-1.jpeg 655w, https:\/\/mixtecarte.com\/wp-content\/uploads\/2025\/01\/WhatsApp-Image-2025-01-11-at-1.53.59-AM-3-1-203x300.jpeg 203w, https:\/\/mixtecarte.com\/wp-content\/uploads\/2025\/01\/WhatsApp-Image-2025-01-11-at-1.53.59-AM-3-1-600x888.jpeg 600w\" sizes=\"auto, (max-width: 655px) 100vw, 655px\" \/><\/figure>\n\n\n\n<figure class=\"wp-block-image size-large\"><img loading=\"lazy\" decoding=\"async\" width=\"687\" height=\"1024\" data-id=\"9828\" src=\"https:\/\/mixtecarte.com\/wp-content\/uploads\/2025\/01\/WhatsApp-Image-2025-01-11-at-1.53.59-AM-1-687x1024.jpeg\" alt=\"\" class=\"wp-image-9828\" srcset=\"https:\/\/mixtecarte.com\/wp-content\/uploads\/2025\/01\/WhatsApp-Image-2025-01-11-at-1.53.59-AM-1-687x1024.jpeg 687w, https:\/\/mixtecarte.com\/wp-content\/uploads\/2025\/01\/WhatsApp-Image-2025-01-11-at-1.53.59-AM-1-201x300.jpeg 201w, https:\/\/mixtecarte.com\/wp-content\/uploads\/2025\/01\/WhatsApp-Image-2025-01-11-at-1.53.59-AM-1-768x1145.jpeg 768w, https:\/\/mixtecarte.com\/wp-content\/uploads\/2025\/01\/WhatsApp-Image-2025-01-11-at-1.53.59-AM-1-600x895.jpeg 600w, https:\/\/mixtecarte.com\/wp-content\/uploads\/2025\/01\/WhatsApp-Image-2025-01-11-at-1.53.59-AM-1.jpeg 776w\" sizes=\"auto, (max-width: 687px) 100vw, 687px\" \/><\/figure>\n\n\n\n<figure class=\"wp-block-image size-large\"><img loading=\"lazy\" decoding=\"async\" width=\"450\" height=\"539\" data-id=\"1585\" src=\"https:\/\/mixtecarte.com\/wp-content\/uploads\/2023\/12\/10-28966-2.jpg\" alt=\"\" class=\"wp-image-1585\" srcset=\"https:\/\/mixtecarte.com\/wp-content\/uploads\/2023\/12\/10-28966-2.jpg 450w, https:\/\/mixtecarte.com\/wp-content\/uploads\/2023\/12\/10-28966-2-250x300.jpg 250w\" sizes=\"auto, (max-width: 450px) 100vw, 450px\" \/><\/figure>\n\n\n\n<figure class=\"wp-block-image size-full\"><img loading=\"lazy\" decoding=\"async\" width=\"405\" height=\"600\" data-id=\"9801\" src=\"https:\/\/mixtecarte.com\/wp-content\/uploads\/2025\/01\/Folio-42V-codice-mendoza-1.jpg\" alt=\"\" class=\"wp-image-9801\" srcset=\"https:\/\/mixtecarte.com\/wp-content\/uploads\/2025\/01\/Folio-42V-codice-mendoza-1.jpg 405w, https:\/\/mixtecarte.com\/wp-content\/uploads\/2025\/01\/Folio-42V-codice-mendoza-1-203x300.jpg 203w\" sizes=\"auto, (max-width: 405px) 100vw, 405px\" \/><\/figure>\n<\/figure>\n<\/div>\n<\/div>\n<\/div>\n\n\n\n<div class=\"wp-block-uagb-container uagb-block-f6dd31eb alignfull uagb-is-root-container\">\n<div class=\"wp-block-uagb-container uagb-block-735dea75\">\n<p class=\"has-ast-global-color-4-color has-ast-global-color-3-background-color has-text-color has-background has-link-color wp-elements-0a7ecd547f6cb67b288c6766455f1c58\"><strong>Huisi Tnumi\/Arte Plumario Mixteco en la actualidad.<\/strong><br><br>El arte plumario requiere literalmente de a\u00f1os de paciente espera colectando plumas de distintos aviarios. Durante el tiempo, es una suerte de ensayo y error para descubrir los misterios de este oficio prehisp\u00e1nico. Deben saber que el trabajo plumario requiere de un lugar amplio, con poca ventilaci\u00f3n, bien iluminado, trabajar con las manos limpias, y para mejorar los resultados las plumas deben ser lavadas.<br>El secreto esta en hacerlo con champ\u00fa de PH neutro, remoj\u00e1ndolas en una tina de agua, enjuag\u00e1ndolas y sec\u00e1ndolas a la intemperie dentro de una caja hecha especial para que pase el viento, el sol, y las plumas no se vuelen con el viento. Dicha caja se hace con tablillas de madera y una tela pl\u00e1stica llamada \u00abmosquitero\u00bb. <br><br>Las plumas deben ser seleccionadas, y a partir de este momento se trabajara solo con las manos limpias. Las plumas se guardan en bolsas de pl\u00e1stico abiertas dentro de cajas de cart\u00f3n cerradas con bolitas de naftalina para evitar que insectos coman las plumas, y la caja debe ser puesta en un lugar alto fresco y seco para que no les de humedad y se mantengan ahora por mucho tiempo.<br><br>Despu\u00e9s de todo ese trabajo, me encargo de hacer aretes, rodelas, o forrar superficies con plumas y de ponerlos en mi tienda para llevar el Arte Plumario \u00d1uu Dzavui\/Mixteco al mundo!<br><br>Este sitio web continuara en crecimiento y desarrollo, no se quedara as\u00ed, mientras tanto s\u00edganme en mis redes sociales @Itandehui en FB y @Dzavuindanda_official en IG para saber mas acerca de las plumas y arte plumario y sobre todo, de la cultura \u00d1uu Dzavui,  y la historia del Pueblo de la Lluvia<\/p>\n<\/div>\n\n\n\n<div class=\"wp-block-uagb-container uagb-block-46f08cc2\">\n<div class=\"wp-block-uagb-container uagb-block-7ef73564\">\n<figure class=\"wp-block-gallery has-nested-images columns-default is-cropped has-ast-global-color-7-background-color has-background wp-block-gallery-3 is-layout-flex wp-block-gallery-is-layout-flex\">\n<figure class=\"wp-block-image size-large\"><img loading=\"lazy\" decoding=\"async\" width=\"1024\" height=\"768\" data-id=\"9842\" src=\"https:\/\/mixtecarte.com\/wp-content\/uploads\/2025\/01\/WhatsApp-Image-2024-12-29-at-9.49.21-PM-1-1-1024x768.jpeg\" alt=\"\" class=\"wp-image-9842\" srcset=\"https:\/\/mixtecarte.com\/wp-content\/uploads\/2025\/01\/WhatsApp-Image-2024-12-29-at-9.49.21-PM-1-1-1024x768.jpeg 1024w, https:\/\/mixtecarte.com\/wp-content\/uploads\/2025\/01\/WhatsApp-Image-2024-12-29-at-9.49.21-PM-1-1-300x225.jpeg 300w, https:\/\/mixtecarte.com\/wp-content\/uploads\/2025\/01\/WhatsApp-Image-2024-12-29-at-9.49.21-PM-1-1-768x576.jpeg 768w, https:\/\/mixtecarte.com\/wp-content\/uploads\/2025\/01\/WhatsApp-Image-2024-12-29-at-9.49.21-PM-1-1-1536x1152.jpeg 1536w, https:\/\/mixtecarte.com\/wp-content\/uploads\/2025\/01\/WhatsApp-Image-2024-12-29-at-9.49.21-PM-1-1-1320x990.jpeg 1320w, https:\/\/mixtecarte.com\/wp-content\/uploads\/2025\/01\/WhatsApp-Image-2024-12-29-at-9.49.21-PM-1-1-600x450.jpeg 600w, https:\/\/mixtecarte.com\/wp-content\/uploads\/2025\/01\/WhatsApp-Image-2024-12-29-at-9.49.21-PM-1-1.jpeg 1600w\" sizes=\"auto, (max-width: 1024px) 100vw, 1024px\" \/><\/figure>\n\n\n\n<figure class=\"wp-block-image size-large\"><img loading=\"lazy\" decoding=\"async\" width=\"768\" height=\"1024\" data-id=\"8905\" src=\"https:\/\/mixtecarte.com\/wp-content\/uploads\/2024\/11\/20230524_002055-768x1024.jpg\" alt=\"\" class=\"wp-image-8905\" srcset=\"https:\/\/mixtecarte.com\/wp-content\/uploads\/2024\/11\/20230524_002055-768x1024.jpg 768w, https:\/\/mixtecarte.com\/wp-content\/uploads\/2024\/11\/20230524_002055-225x300.jpg 225w, https:\/\/mixtecarte.com\/wp-content\/uploads\/2024\/11\/20230524_002055-1152x1536.jpg 1152w, https:\/\/mixtecarte.com\/wp-content\/uploads\/2024\/11\/20230524_002055-1536x2048.jpg 1536w, https:\/\/mixtecarte.com\/wp-content\/uploads\/2024\/11\/20230524_002055-1320x1760.jpg 1320w, https:\/\/mixtecarte.com\/wp-content\/uploads\/2024\/11\/20230524_002055-600x800.jpg 600w, https:\/\/mixtecarte.com\/wp-content\/uploads\/2024\/11\/20230524_002055-scaled.jpg 1920w\" sizes=\"auto, (max-width: 768px) 100vw, 768px\" \/><\/figure>\n\n\n\n<figure class=\"wp-block-image size-large\"><img loading=\"lazy\" decoding=\"async\" width=\"768\" height=\"1024\" data-id=\"9840\" src=\"https:\/\/mixtecarte.com\/wp-content\/uploads\/2025\/01\/WhatsApp-Image-2024-12-29-at-9.49.15-PM-768x1024.jpeg\" alt=\"\" class=\"wp-image-9840\" srcset=\"https:\/\/mixtecarte.com\/wp-content\/uploads\/2025\/01\/WhatsApp-Image-2024-12-29-at-9.49.15-PM-768x1024.jpeg 768w, https:\/\/mixtecarte.com\/wp-content\/uploads\/2025\/01\/WhatsApp-Image-2024-12-29-at-9.49.15-PM-225x300.jpeg 225w, https:\/\/mixtecarte.com\/wp-content\/uploads\/2025\/01\/WhatsApp-Image-2024-12-29-at-9.49.15-PM-1152x1536.jpeg 1152w, https:\/\/mixtecarte.com\/wp-content\/uploads\/2025\/01\/WhatsApp-Image-2024-12-29-at-9.49.15-PM-600x800.jpeg 600w, https:\/\/mixtecarte.com\/wp-content\/uploads\/2025\/01\/WhatsApp-Image-2024-12-29-at-9.49.15-PM.jpeg 1200w\" sizes=\"auto, (max-width: 768px) 100vw, 768px\" \/><\/figure>\n\n\n\n<figure class=\"wp-block-image size-large\"><img loading=\"lazy\" decoding=\"async\" width=\"576\" height=\"1024\" data-id=\"1590\" src=\"https:\/\/mixtecarte.com\/wp-content\/uploads\/2023\/12\/IMG_20210601_003544-2-576x1024.jpg\" alt=\"\" class=\"wp-image-1590\" srcset=\"https:\/\/mixtecarte.com\/wp-content\/uploads\/2023\/12\/IMG_20210601_003544-2-576x1024.jpg 576w, https:\/\/mixtecarte.com\/wp-content\/uploads\/2023\/12\/IMG_20210601_003544-2-169x300.jpg 169w, https:\/\/mixtecarte.com\/wp-content\/uploads\/2023\/12\/IMG_20210601_003544-2-600x1067.jpg 600w, https:\/\/mixtecarte.com\/wp-content\/uploads\/2023\/12\/IMG_20210601_003544-2.jpg 720w\" sizes=\"auto, (max-width: 576px) 100vw, 576px\" \/><\/figure>\n<\/figure>\n<\/div>\n<\/div>\n<\/div>\n\n\n\n<figure class=\"wp-block-gallery has-nested-images columns-default is-cropped has-ast-global-color-7-background-color has-background wp-block-gallery-4 is-layout-flex wp-block-gallery-is-layout-flex\">\n<figure class=\"wp-block-image size-large\"><img loading=\"lazy\" decoding=\"async\" width=\"683\" height=\"1024\" data-id=\"1604\" src=\"https:\/\/mixtecarte.com\/wp-content\/uploads\/2023\/12\/FB_IMG_1583619596596-2-683x1024.jpg\" alt=\"\" class=\"wp-image-1604\" srcset=\"https:\/\/mixtecarte.com\/wp-content\/uploads\/2023\/12\/FB_IMG_1583619596596-2-683x1024.jpg 683w, https:\/\/mixtecarte.com\/wp-content\/uploads\/2023\/12\/FB_IMG_1583619596596-2-200x300.jpg 200w, https:\/\/mixtecarte.com\/wp-content\/uploads\/2023\/12\/FB_IMG_1583619596596-2-600x900.jpg 600w, https:\/\/mixtecarte.com\/wp-content\/uploads\/2023\/12\/FB_IMG_1583619596596-2.jpg 720w\" sizes=\"auto, (max-width: 683px) 100vw, 683px\" \/><\/figure>\n\n\n\n<figure class=\"wp-block-image size-full\"><img loading=\"lazy\" decoding=\"async\" width=\"480\" height=\"809\" data-id=\"8910\" src=\"https:\/\/mixtecarte.com\/wp-content\/uploads\/2024\/11\/received_540785043421768.jpeg\" alt=\"\" class=\"wp-image-8910\" srcset=\"https:\/\/mixtecarte.com\/wp-content\/uploads\/2024\/11\/received_540785043421768.jpeg 480w, https:\/\/mixtecarte.com\/wp-content\/uploads\/2024\/11\/received_540785043421768-178x300.jpeg 178w\" sizes=\"auto, (max-width: 480px) 100vw, 480px\" \/><\/figure>\n\n\n\n<figure class=\"wp-block-image size-large\"><img loading=\"lazy\" decoding=\"async\" width=\"683\" height=\"1024\" data-id=\"8912\" src=\"https:\/\/mixtecarte.com\/wp-content\/uploads\/2024\/11\/FB_IMG_1660094762275-683x1024.jpg\" alt=\"\" class=\"wp-image-8912\" srcset=\"https:\/\/mixtecarte.com\/wp-content\/uploads\/2024\/11\/FB_IMG_1660094762275-683x1024.jpg 683w, https:\/\/mixtecarte.com\/wp-content\/uploads\/2024\/11\/FB_IMG_1660094762275-200x300.jpg 200w, https:\/\/mixtecarte.com\/wp-content\/uploads\/2024\/11\/FB_IMG_1660094762275-600x900.jpg 600w, https:\/\/mixtecarte.com\/wp-content\/uploads\/2024\/11\/FB_IMG_1660094762275.jpg 720w\" sizes=\"auto, (max-width: 683px) 100vw, 683px\" \/><\/figure>\n<\/figure>\n\n\n\n<p><\/p>\n\n\n\n<p><\/p>\n","protected":false},"excerpt":{"rendered":"<p>\u00d1uu DzavuiEn Mixtecarte tenemos ra\u00edces del pueblo Mixteco, el cual se reconoce a si mismo como \u00ab\u00d1uu Dzavui\u00bb \u00abEl pueblo de la lluvia\u00bb, y habla el \u00abDza&#8217;a Dzavui\u00bb es decir, \u00abEl idioma de la Lluvia\u00bb, en alguna de sus actuales variantes. La historia del \u00abPueblo de la Lluvia\u00bb vive en c\u00f3dices prehisp\u00e1nicos como el Nuttal, [&hellip;]<\/p>\n","protected":false},"author":1,"featured_media":0,"parent":0,"menu_order":0,"comment_status":"open","ping_status":"closed","template":"","meta":{"_uag_custom_page_level_css":"","site-sidebar-layout":"no-sidebar","site-content-layout":"plain-container","ast-site-content-layout":"normal-width-container","site-content-style":"unboxed","site-sidebar-style":"unboxed","ast-global-header-display":"","ast-banner-title-visibility":"","ast-main-header-display":"","ast-hfb-above-header-display":"","ast-hfb-below-header-display":"","ast-hfb-mobile-header-display":"","site-post-title":"disabled","ast-breadcrumbs-content":"","ast-featured-img":"disabled","footer-sml-layout":"","ast-disable-related-posts":"","theme-transparent-header-meta":"enabled","adv-header-id-meta":"","stick-header-meta":"","header-above-stick-meta":"","header-main-stick-meta":"","header-below-stick-meta":"","astra-migrate-meta-layouts":"set","ast-page-background-enabled":"default","ast-page-background-meta":{"desktop":{"background-color":"var(--ast-global-color-4)","background-image":"","background-repeat":"repeat","background-position":"center center","background-size":"auto","background-attachment":"scroll","background-type":"","background-media":"","overlay-type":"","overlay-color":"","overlay-opacity":"","overlay-gradient":""},"tablet":{"background-color":"","background-image":"","background-repeat":"repeat","background-position":"center center","background-size":"auto","background-attachment":"scroll","background-type":"","background-media":"","overlay-type":"","overlay-color":"","overlay-opacity":"","overlay-gradient":""},"mobile":{"background-color":"","background-image":"","background-repeat":"repeat","background-position":"center center","background-size":"auto","background-attachment":"scroll","background-type":"","background-media":"","overlay-type":"","overlay-color":"","overlay-opacity":"","overlay-gradient":""}},"ast-content-background-meta":{"desktop":{"background-color":"var(--ast-global-color-5)","background-image":"","background-repeat":"repeat","background-position":"center center","background-size":"auto","background-attachment":"scroll","background-type":"","background-media":"","overlay-type":"","overlay-color":"","overlay-opacity":"","overlay-gradient":""},"tablet":{"background-color":"var(--ast-global-color-5)","background-image":"","background-repeat":"repeat","background-position":"center center","background-size":"auto","background-attachment":"scroll","background-type":"","background-media":"","overlay-type":"","overlay-color":"","overlay-opacity":"","overlay-gradient":""},"mobile":{"background-color":"var(--ast-global-color-5)","background-image":"","background-repeat":"repeat","background-position":"center center","background-size":"auto","background-attachment":"scroll","background-type":"","background-media":"","overlay-type":"","overlay-color":"","overlay-opacity":"","overlay-gradient":""}},"footnotes":""},"class_list":["post-1008","page","type-page","status-publish","hentry"],"uagb_featured_image_src":{"full":false,"thumbnail":false,"medium":false,"medium_large":false,"large":false,"1536x1536":false,"2048x2048":false,"mailpoet_newsletter_max":false,"woocommerce_thumbnail":false,"woocommerce_single":false,"woocommerce_gallery_thumbnail":false},"uagb_author_info":{"display_name":"Miguel","author_link":"https:\/\/mixtecarte.com\/index.php\/author\/miguel\/"},"uagb_comment_info":69,"uagb_excerpt":"\u00d1uu DzavuiEn Mixtecarte tenemos ra\u00edces del pueblo Mixteco, el cual se reconoce a si mismo como \u00ab\u00d1uu Dzavui\u00bb \u00abEl pueblo de la lluvia\u00bb, y habla el \u00abDza&#8217;a Dzavui\u00bb es decir, \u00abEl idioma de la Lluvia\u00bb, en alguna de sus actuales variantes. La historia del \u00abPueblo de la Lluvia\u00bb vive en c\u00f3dices prehisp\u00e1nicos como el Nuttal,&hellip;","jetpack_sharing_enabled":true,"_links":{"self":[{"href":"https:\/\/mixtecarte.com\/index.php\/wp-json\/wp\/v2\/pages\/1008","targetHints":{"allow":["GET"]}}],"collection":[{"href":"https:\/\/mixtecarte.com\/index.php\/wp-json\/wp\/v2\/pages"}],"about":[{"href":"https:\/\/mixtecarte.com\/index.php\/wp-json\/wp\/v2\/types\/page"}],"author":[{"embeddable":true,"href":"https:\/\/mixtecarte.com\/index.php\/wp-json\/wp\/v2\/users\/1"}],"replies":[{"embeddable":true,"href":"https:\/\/mixtecarte.com\/index.php\/wp-json\/wp\/v2\/comments?post=1008"}],"version-history":[{"count":35,"href":"https:\/\/mixtecarte.com\/index.php\/wp-json\/wp\/v2\/pages\/1008\/revisions"}],"predecessor-version":[{"id":9853,"href":"https:\/\/mixtecarte.com\/index.php\/wp-json\/wp\/v2\/pages\/1008\/revisions\/9853"}],"wp:attachment":[{"href":"https:\/\/mixtecarte.com\/index.php\/wp-json\/wp\/v2\/media?parent=1008"}],"curies":[{"name":"wp","href":"https:\/\/api.w.org\/{rel}","templated":true}]}}