{"id":1002,"date":"2021-10-08T06:08:04","date_gmt":"2021-10-08T06:08:04","guid":{"rendered":"https:\/\/mixtecarte.com\/index.php\/about\/"},"modified":"2023-12-30T22:15:17","modified_gmt":"2023-12-31T04:15:17","slug":"about","status":"publish","type":"page","link":"https:\/\/mixtecarte.com\/index.php\/about\/","title":{"rendered":"Trayectoria"},"content":{"rendered":"\n<div class=\"wp-block-uagb-container uagb-block-7f826306 alignfull uagb-is-root-container\"><div class=\"uagb-container-inner-blocks-wrap\">\n<div class=\"wp-block-uagb-container uagb-block-048907fa\">\n<div class=\"wp-block-uagb-advanced-heading uagb-block-c1e87124\"><h1 class=\"uagb-heading-text\">Inicios<\/h1><\/div>\n\n\n\n<p><\/p>\n<\/div>\n\n\n\n<div class=\"wp-block-uagb-container uagb-block-2ed6c30a\">\n<div class=\"wp-block-uagb-info-box uagb-block-6eae1f46 uagb-infobox__content-wrap  uagb-infobox-icon-above-title uagb-infobox-image-valign-top\"><div class=\"uagb-ifb-content\"><div class=\"uagb-ifb-separator\"><\/div><div class=\"uagb-ifb-title-wrap\"><h3 class=\"uagb-ifb-title\">Entre danza, plumas y humo de copal<\/h3><\/div><p class=\"uagb-ifb-desc\">A la edad de 12 a\u00f1os, movido por un gusto innato, llegue a la danza, justo a un lado del del \u00abHuey Teocalli\u00bb mejor conocido como \u00abTemplo mayor\u00bb, en el z\u00f3calo de la Ciudad de M\u00e9xico.<\/p><\/div><\/div>\n<\/div>\n<\/div><\/div>\n\n\n\n<div class=\"wp-block-uagb-container uagb-block-78d5481f alignfull uagb-is-root-container\"><div class=\"uagb-container-inner-blocks-wrap\">\n<figure class=\"wp-block-video\"><video height=\"540\" style=\"aspect-ratio: 960 \/ 540;\" width=\"960\" controls src=\"https:\/\/mixtecarte.com\/wp-content\/uploads\/2023\/12\/Tlazohcamati.mp4\"><\/video><\/figure>\n<\/div><\/div>\n\n\n\n<div class=\"wp-block-uagb-container uagb-block-cb8a27eb alignfull uagb-is-root-container\"><div class=\"uagb-container-inner-blocks-wrap\">\n<div class=\"wp-block-uagb-container uagb-block-1ffc9321\">\n<div class=\"wp-block-uagb-advanced-heading uagb-block-27f47db3\"><h6 class=\"uagb-heading-text\">Historia<\/h6><\/div>\n\n\n\n<div class=\"wp-block-uagb-image uagb-block-f3677833 wp-block-uagb-image--layout-default wp-block-uagb-image--effect-static wp-block-uagb-image--align-none\"><figure class=\"wp-block-uagb-image__figure\"><img decoding=\"async\" srcset=\"https:\/\/mixtecarte.com\/wp-content\/uploads\/2023\/12\/FB_IMG_1660094762275-1-683x1024.jpg ,https:\/\/mixtecarte.com\/wp-content\/uploads\/2023\/12\/FB_IMG_1660094762275-1.jpg 780w, https:\/\/mixtecarte.com\/wp-content\/uploads\/2023\/12\/FB_IMG_1660094762275-1.jpg 360w\" sizes=\"auto, (max-width: 480px) 150px\" src=\"https:\/\/mixtecarte.com\/wp-content\/uploads\/2023\/12\/FB_IMG_1660094762275-1-683x1024.jpg\" alt=\"\" class=\"uag-image-1738\" width=\"683\" height=\"1024\" title=\"\" loading=\"lazy\"\/><\/figure><\/div>\n<\/div>\n\n\n\n<div class=\"wp-block-uagb-container uagb-block-6fd6ef76\">\n<p class=\"has-ast-global-color-4-color has-vivid-red-background-color has-text-color has-background has-link-color wp-elements-70cb81887adb9801104729f751b1a0e8\">Fue ah\u00ed donde dejo de ser un sue\u00f1o el conocer mas sobre el M\u00e9xico antiguo. Si algo que desde entonces me ha marcado totalmente a trav\u00e9s del tiempo, es la Toltequidad.<\/p>\n\n\n\n<p class=\"has-ast-global-color-4-color has-vivid-red-background-color has-text-color has-background has-link-color wp-elements-b24e0ffbf30208df3eeac709569b2fdc\">Mas tarde, por el a\u00f1o 2013 viv\u00ed en la Riviera maya durante 5 fant\u00e1sticos a\u00f1os. Mientras estuve ah\u00ed, contemple el orgullo y dignidad que siente el gran pueblo maya por su linaje, y eso me motivo a desempolvar mis or\u00edgenes mixtecos, y saber mas sobre mi pasado milenario. Mientras mas investigaba y conoc\u00eda, mas sorprendido quedaba, por la magnificencia del pueblo mixteco, en especial la mixteca alta, lugar del origen de mi linaje.<\/p>\n\n\n\n<p class=\"has-ast-global-color-4-color has-vivid-red-background-color has-text-color has-background has-link-color wp-elements-e87d77f710d222b825913669fee215d3\">De vuelta en Ciudad de M\u00e9xico sabia que algo tenia que hacer, comenc\u00e9 a elaborar mis propios atuendos de danza motivado en los c\u00f3dices, y comenc\u00e9 a darle a mi trabajo plumario su emprendimiento por internet y redes sociales.<\/p>\n<\/div>\n<\/div><\/div>\n\n\n\n<div class=\"wp-block-uagb-container uagb-block-024a8b46 alignfull uagb-is-root-container\"><div class=\"uagb-container-inner-blocks-wrap\">\n<div class=\"wp-block-uagb-container uagb-block-34d46514\">\n<div class=\"wp-block-uagb-advanced-heading uagb-block-372c4676\"><h6 class=\"uagb-heading-text\">Historia<\/h6><\/div>\n\n\n\n<div class=\"wp-block-uagb-image uagb-block-436d8430 wp-block-uagb-image--layout-default wp-block-uagb-image--effect-static wp-block-uagb-image--align-none\"><figure class=\"wp-block-uagb-image__figure\"><img decoding=\"async\" srcset=\"https:\/\/mixtecarte.com\/wp-content\/uploads\/2023\/12\/FB_IMG_1703191979919.jpg ,https:\/\/mixtecarte.com\/wp-content\/uploads\/2023\/12\/FB_IMG_1703191979919.jpg 780w, https:\/\/mixtecarte.com\/wp-content\/uploads\/2023\/12\/FB_IMG_1703191979919.jpg 360w\" sizes=\"auto, (max-width: 480px) 150px\" src=\"https:\/\/mixtecarte.com\/wp-content\/uploads\/2023\/12\/FB_IMG_1703191979919.jpg\" alt=\"\" class=\"uag-image-1742\" width=\"683\" height=\"1024\" title=\"\" loading=\"lazy\"\/><\/figure><\/div>\n<\/div>\n\n\n\n<div class=\"wp-block-uagb-container uagb-block-2199341a\">\n<p class=\"has-ast-global-color-4-color has-vivid-red-background-color has-text-color has-background has-link-color wp-elements-bb15cfd3bb878d68e648d519feaea256\">Personajes como el se\u00f1or Dzahuindanda, rey y fundador del linaje de la ciudad de Achiutla,  los reyes Atonaltzin I, fundador de la casa real de Coixtlahuaca, y Atonaltzin II, quien libr\u00f3 en 1448 la guerra contra el se\u00f1or Moctezuma Ilhuicamina de Tenochtitlan, y el se\u00f1or Ocho Venado Garra de Jaguar, quien en el siglo XII unifico las tres mixtecas en un solo territorio, y junto con Quetzalc\u00f3atl, el famoso rey de Tula emprendi\u00f3 la conquista de bastos territorios hasta llegar a Chichen Itz\u00e1, no deben ser olvidados.<\/p>\n\n\n\n<p class=\"has-ast-global-color-4-color has-vivid-red-background-color has-text-color has-background has-link-color wp-elements-1f2e7d6bc87649121ec24c229153e84f\">Son gestas heroicas que marcaron el pasado de las antiguas naciones territorios y reinos que conforman nuestro actual pa\u00eds.<\/p>\n\n\n\n<p class=\"has-ast-global-color-4-color has-vivid-red-background-color has-text-color has-background has-link-color wp-elements-374b703920fa772417f1f3fdbeaf4993\">As\u00ed que si tu que estas leyendo esto sabes de donde proceden tus padres, abuelos y bisabuelos, si\u00e9ntete orgulloso de tus ra\u00edces, de tu pasado milenario.<br>La \u00fanica forma en que quedaran en el pasado, sera si nosotros permitimos que suceda. <\/p>\n<\/div>\n<\/div><\/div>\n\n\n\n<div class=\"wp-block-uagb-container uagb-block-49ac6c54 alignfull uagb-is-root-container\"><div class=\"uagb-container-inner-blocks-wrap\">\n<div class=\"wp-block-uagb-container uagb-block-c27f1001\"><\/div>\n\n\n\n<div class=\"wp-block-uagb-container uagb-block-47fdb05d\">\n<figure class=\"wp-block-video\"><video height=\"1080\" style=\"aspect-ratio: 1920 \/ 1080;\" width=\"1920\" controls src=\"https:\/\/mixtecarte.com\/wp-content\/uploads\/2023\/12\/Video_20201116002226111_by_VideoShow_s01-2.mp4\"><\/video><\/figure>\n<\/div>\n<\/div><\/div>\n","protected":false},"excerpt":{"rendered":"<p>Inicios Historia Fue ah\u00ed donde dejo de ser un sue\u00f1o el conocer mas sobre el M\u00e9xico antiguo. Si algo que desde entonces me ha marcado totalmente a trav\u00e9s del tiempo, es la Toltequidad. Mas tarde, por el a\u00f1o 2013 viv\u00ed en la Riviera maya durante 5 fant\u00e1sticos a\u00f1os. Mientras estuve ah\u00ed, contemple el orgullo y [&hellip;]<\/p>\n","protected":false},"author":1,"featured_media":0,"parent":0,"menu_order":0,"comment_status":"closed","ping_status":"closed","template":"","meta":{"_uag_custom_page_level_css":"","site-sidebar-layout":"no-sidebar","site-content-layout":"plain-container","ast-site-content-layout":"normal-width-container","site-content-style":"unboxed","site-sidebar-style":"unboxed","ast-global-header-display":"","ast-banner-title-visibility":"","ast-main-header-display":"","ast-hfb-above-header-display":"","ast-hfb-below-header-display":"","ast-hfb-mobile-header-display":"","site-post-title":"disabled","ast-breadcrumbs-content":"","ast-featured-img":"disabled","footer-sml-layout":"","ast-disable-related-posts":"","theme-transparent-header-meta":"disabled","adv-header-id-meta":"","stick-header-meta":"","header-above-stick-meta":"","header-main-stick-meta":"","header-below-stick-meta":"","astra-migrate-meta-layouts":"set","ast-page-background-enabled":"default","ast-page-background-meta":{"desktop":{"background-color":"var(--ast-global-color-4)","background-image":"","background-repeat":"repeat","background-position":"center center","background-size":"auto","background-attachment":"scroll","background-type":"","background-media":"","overlay-type":"","overlay-color":"","overlay-opacity":"","overlay-gradient":""},"tablet":{"background-color":"","background-image":"","background-repeat":"repeat","background-position":"center center","background-size":"auto","background-attachment":"scroll","background-type":"","background-media":"","overlay-type":"","overlay-color":"","overlay-opacity":"","overlay-gradient":""},"mobile":{"background-color":"","background-image":"","background-repeat":"repeat","background-position":"center center","background-size":"auto","background-attachment":"scroll","background-type":"","background-media":"","overlay-type":"","overlay-color":"","overlay-opacity":"","overlay-gradient":""}},"ast-content-background-meta":{"desktop":{"background-color":"var(--ast-global-color-5)","background-image":"","background-repeat":"repeat","background-position":"center center","background-size":"auto","background-attachment":"scroll","background-type":"","background-media":"","overlay-type":"","overlay-color":"","overlay-opacity":"","overlay-gradient":""},"tablet":{"background-color":"var(--ast-global-color-5)","background-image":"","background-repeat":"repeat","background-position":"center center","background-size":"auto","background-attachment":"scroll","background-type":"","background-media":"","overlay-type":"","overlay-color":"","overlay-opacity":"","overlay-gradient":""},"mobile":{"background-color":"var(--ast-global-color-5)","background-image":"","background-repeat":"repeat","background-position":"center center","background-size":"auto","background-attachment":"scroll","background-type":"","background-media":"","overlay-type":"","overlay-color":"","overlay-opacity":"","overlay-gradient":""}},"footnotes":""},"class_list":["post-1002","page","type-page","status-publish","hentry"],"uagb_featured_image_src":{"full":false,"thumbnail":false,"medium":false,"medium_large":false,"large":false,"1536x1536":false,"2048x2048":false,"mailpoet_newsletter_max":false,"woocommerce_thumbnail":false,"woocommerce_single":false,"woocommerce_gallery_thumbnail":false},"uagb_author_info":{"display_name":"Miguel","author_link":"https:\/\/mixtecarte.com\/index.php\/author\/miguel\/"},"uagb_comment_info":0,"uagb_excerpt":"Inicios Historia Fue ah\u00ed donde dejo de ser un sue\u00f1o el conocer mas sobre el M\u00e9xico antiguo. Si algo que desde entonces me ha marcado totalmente a trav\u00e9s del tiempo, es la Toltequidad. Mas tarde, por el a\u00f1o 2013 viv\u00ed en la Riviera maya durante 5 fant\u00e1sticos a\u00f1os. Mientras estuve ah\u00ed, contemple el orgullo y&hellip;","jetpack_sharing_enabled":true,"_links":{"self":[{"href":"https:\/\/mixtecarte.com\/index.php\/wp-json\/wp\/v2\/pages\/1002","targetHints":{"allow":["GET"]}}],"collection":[{"href":"https:\/\/mixtecarte.com\/index.php\/wp-json\/wp\/v2\/pages"}],"about":[{"href":"https:\/\/mixtecarte.com\/index.php\/wp-json\/wp\/v2\/types\/page"}],"author":[{"embeddable":true,"href":"https:\/\/mixtecarte.com\/index.php\/wp-json\/wp\/v2\/users\/1"}],"replies":[{"embeddable":true,"href":"https:\/\/mixtecarte.com\/index.php\/wp-json\/wp\/v2\/comments?post=1002"}],"version-history":[{"count":13,"href":"https:\/\/mixtecarte.com\/index.php\/wp-json\/wp\/v2\/pages\/1002\/revisions"}],"predecessor-version":[{"id":1778,"href":"https:\/\/mixtecarte.com\/index.php\/wp-json\/wp\/v2\/pages\/1002\/revisions\/1778"}],"wp:attachment":[{"href":"https:\/\/mixtecarte.com\/index.php\/wp-json\/wp\/v2\/media?parent=1002"}],"curies":[{"name":"wp","href":"https:\/\/api.w.org\/{rel}","templated":true}]}}